{"id":61,"date":"2023-12-21T09:47:36","date_gmt":"2023-12-21T09:47:36","guid":{"rendered":"https:\/\/ruouzuji.vn\/wordpress\/index.php\/gio-hang\/"},"modified":"2023-12-21T09:47:36","modified_gmt":"2023-12-21T09:47:36","slug":"gio-hang","status":"publish","type":"page","link":"https:\/\/ruouzuji.vn\/index.php\/gio-hang\/","title":{"rendered":"Gi\u1ecf h\u00e0ng"},"content":{"rendered":"<div data-block-name=\"woocommerce\/cart\" class=\"wp-block-woocommerce-cart alignwide is-loading\"><div data-block-name=\"woocommerce\/filled-cart-block\" class=\"wp-block-woocommerce-filled-cart-block\"><div data-block-name=\"woocommerce\/cart-items-block\" class=\"wp-block-woocommerce-cart-items-block\"><div data-block-name=\"woocommerce\/cart-line-items-block\" class=\"wp-block-woocommerce-cart-line-items-block\"><\/div>\n\n<div data-block-name=\"woocommerce\/cart-cross-sells-block\" class=\"wp-block-woocommerce-cart-cross-sells-block\">\n<h2 class=\"wp-block-heading has-large-font-size\">You may be interested in\u2026<\/h2>\n\n\n<div data-block-name=\"woocommerce\/cart-cross-sells-products-block\" class=\"wp-block-woocommerce-cart-cross-sells-products-block\"><\/div><\/div><\/div>\n\n<div data-block-name=\"woocommerce\/cart-totals-block\" class=\"wp-block-woocommerce-cart-totals-block\"><div data-block-name=\"woocommerce\/cart-order-summary-block\" class=\"wp-block-woocommerce-cart-order-summary-block\"><div data-block-name=\"woocommerce\/cart-order-summary-heading-block\" class=\"wp-block-woocommerce-cart-order-summary-heading-block\"><\/div>\n\n<div data-block-name=\"woocommerce\/cart-order-summary-coupon-form-block\" class=\"wp-block-woocommerce-cart-order-summary-coupon-form-block\"><\/div>\n\n<div data-block-name=\"woocommerce\/cart-order-summary-subtotal-block\" class=\"wp-block-woocommerce-cart-order-summary-subtotal-block\"><\/div>\n\n<div data-block-name=\"woocommerce\/cart-order-summary-fee-block\" class=\"wp-block-woocommerce-cart-order-summary-fee-block\"><\/div>\n\n<div data-block-name=\"woocommerce\/cart-order-summary-discount-block\" class=\"wp-block-woocommerce-cart-order-summary-discount-block\"><\/div>\n\n<div data-block-name=\"woocommerce\/cart-order-summary-shipping-block\" class=\"wp-block-woocommerce-cart-order-summary-shipping-block\"><\/div>\n\n<div data-block-name=\"woocommerce\/cart-order-summary-taxes-block\" class=\"wp-block-woocommerce-cart-order-summary-taxes-block\"><\/div><\/div>\n\n<div data-block-name=\"woocommerce\/cart-express-payment-block\" class=\"wp-block-woocommerce-cart-express-payment-block\"><\/div>\n\n<div data-block-name=\"woocommerce\/proceed-to-checkout-block\" class=\"wp-block-woocommerce-proceed-to-checkout-block\"><\/div>\n\n<div data-block-name=\"woocommerce\/cart-accepted-payment-methods-block\" class=\"wp-block-woocommerce-cart-accepted-payment-methods-block\"><\/div><\/div><\/div>\n\n<div data-block-name=\"woocommerce\/empty-cart-block\" class=\"wp-block-woocommerce-empty-cart-block\">\n<h2 class=\"wp-block-heading has-text-align-center with-empty-cart-icon wc-block-cart__empty-cart__title\">Gi\u1ecf h\u00e0ng hi\u1ec7n t\u1ea1i ch\u01b0a c\u00f3 s\u1ea3n ph\u1ea9m n\u00e0o!<\/h2>\n\n\n\n<hr class=\"wp-block-separator has-alpha-channel-opacity is-style-dots\"\/>\n\n\n\n<h2 class=\"wp-block-heading has-text-align-center\">New in store<\/h2>\n\n\n<div data-block-name=\"woocommerce\/product-new\" data-columns=\"4\" data-rows=\"1\" class=\"wc-block-grid wp-block-product-new wc-block-product-new has-4-columns\"><ul class=\"wc-block-grid__products\"><li class=\"wc-block-grid__product\">\n\t\t\t\t<a href=\"https:\/\/ruouzuji.vn\/index.php\/san-pham\/ruou-zuji-set-ruou-nhe-nhang-4-chai-250ml-trai-nghiem\/\" class=\"wc-block-grid__product-link\">\n\t\t\t\t\t\n\t\t\t\t\t<div class=\"wc-block-grid__product-image\"><img loading=\"lazy\" decoding=\"async\" width=\"250\" height=\"250\" src=\"https:\/\/ruouzuji.vn\/wp-content\/uploads\/2024\/08\/454526729_496084529848472_4967232851464739336_n-250x250.jpg\" class=\"attachment-woocommerce_thumbnail size-woocommerce_thumbnail\" alt=\"T\u00ecm Hi\u1ec3u R\u01b0\u1ee3u Cho Ng\u01b0\u1eddi M\u1edbi B\u1eaft \u0110\u1ea7u\" srcset=\"https:\/\/ruouzuji.vn\/wp-content\/uploads\/2024\/08\/454526729_496084529848472_4967232851464739336_n-250x250.jpg 250w, https:\/\/ruouzuji.vn\/wp-content\/uploads\/2024\/08\/454526729_496084529848472_4967232851464739336_n-150x150.jpg 150w, https:\/\/ruouzuji.vn\/wp-content\/uploads\/2024\/08\/454526729_496084529848472_4967232851464739336_n-100x100.jpg 100w\" sizes=\"auto, (max-width: 250px) 100vw, 250px\" \/><\/div>\n\t\t\t\t\t<div class=\"wc-block-grid__product-title\">R\u01b0\u1ee3u Zuji &#8211; Set R\u01b0\u1ee3u Nh\u1eb9 Nh\u00e0ng, 4 chai 250ml tr\u1ea3i nghi\u1ec7m<\/div>\n\t\t\t\t<\/a>\n\t\t\t\t<div class=\"wc-block-grid__product-price price\"><span class=\"woocommerce-Price-amount amount\">279.000&nbsp;<span class=\"woocommerce-Price-currencySymbol\">&#8363;<\/span><\/span><\/div>\n\t\t\t\t\n\t\t\t\t<div class=\"wp-block-button wc-block-grid__product-add-to-cart\"><a href=\"?add-to-cart=1522\" aria-label=\"Add to cart: &ldquo;R\u01b0\u1ee3u Zuji - Set R\u01b0\u1ee3u Nh\u1eb9 Nh\u00e0ng, 4 chai 250ml tr\u1ea3i nghi\u1ec7m&rdquo;\" data-quantity=\"1\" data-product_id=\"1522\" data-product_sku=\"ruou-zuji-set-ruou-nhe-nhang-4-chai-250ml-trai-nghiem\" data-price=\"279000\" rel=\"nofollow\" class=\"wp-block-button__link  add_to_cart_button ajax_add_to_cart\">Add to cart<\/a><\/div>\n\t\t\t<\/li><li class=\"wc-block-grid__product\">\n\t\t\t\t<a href=\"https:\/\/ruouzuji.vn\/index.php\/san-pham\/ruou-zuji-set-ruou-lang-dong-4-chai-250ml-trai-nghiem\/\" class=\"wc-block-grid__product-link\">\n\t\t\t\t\t\n\t\t\t\t\t<div class=\"wc-block-grid__product-image\"><img loading=\"lazy\" decoding=\"async\" width=\"250\" height=\"250\" src=\"https:\/\/ruouzuji.vn\/wp-content\/uploads\/2024\/08\/454503265_494689659987959_1270820394974463778_n-250x250.jpg\" class=\"attachment-woocommerce_thumbnail size-woocommerce_thumbnail\" alt=\"R\u01b0\u1ee3u Zuji - Set r\u01b0\u1ee3u L\u1eafng \u0110\u1ecdng, 4 chai 250ml tr\u1ea3i nghi\u1ec7m\" srcset=\"https:\/\/ruouzuji.vn\/wp-content\/uploads\/2024\/08\/454503265_494689659987959_1270820394974463778_n-250x250.jpg 250w, https:\/\/ruouzuji.vn\/wp-content\/uploads\/2024\/08\/454503265_494689659987959_1270820394974463778_n-150x150.jpg 150w, https:\/\/ruouzuji.vn\/wp-content\/uploads\/2024\/08\/454503265_494689659987959_1270820394974463778_n-100x100.jpg 100w\" sizes=\"auto, (max-width: 250px) 100vw, 250px\" \/><\/div>\n\t\t\t\t\t<div class=\"wc-block-grid__product-title\">R\u01b0\u1ee3u Zuji &#8211; Set r\u01b0\u1ee3u L\u1eafng \u0110\u1ecdng, 4 chai 250ml tr\u1ea3i nghi\u1ec7m<\/div>\n\t\t\t\t<\/a>\n\t\t\t\t<div class=\"wc-block-grid__product-price price\"><span class=\"woocommerce-Price-amount amount\">279.000&nbsp;<span class=\"woocommerce-Price-currencySymbol\">&#8363;<\/span><\/span><\/div>\n\t\t\t\t\n\t\t\t\t<div class=\"wp-block-button wc-block-grid__product-add-to-cart\"><a href=\"?add-to-cart=1519\" aria-label=\"Add to cart: &ldquo;R\u01b0\u1ee3u Zuji - Set r\u01b0\u1ee3u L\u1eafng \u0110\u1ecdng, 4 chai 250ml tr\u1ea3i nghi\u1ec7m&rdquo;\" data-quantity=\"1\" data-product_id=\"1519\" data-product_sku=\"ruou-zuji-set-ruou-lang-dong\" data-price=\"279000\" rel=\"nofollow\" class=\"wp-block-button__link  add_to_cart_button ajax_add_to_cart\">Add to cart<\/a><\/div>\n\t\t\t<\/li><li class=\"wc-block-grid__product\">\n\t\t\t\t<a href=\"https:\/\/ruouzuji.vn\/index.php\/san-pham\/ruou-zuji-ruou-mo-ma-dao-yen-tu-chai-nhom-1-lit\/\" class=\"wc-block-grid__product-link\">\n\t\t\t\t\t\n\t\t\t\t\t<div class=\"wc-block-grid__product-image\"><img loading=\"lazy\" decoding=\"async\" width=\"250\" height=\"250\" src=\"https:\/\/ruouzuji.vn\/wp-content\/uploads\/2024\/08\/446641921_445819288208330_8398324376366097762_n-250x250.jpg\" class=\"attachment-woocommerce_thumbnail size-woocommerce_thumbnail\" alt=\"R\u01b0\u1ee3u Zuji - R\u01b0\u1ee3u M\u01a1 m\u00e1 \u0111\u00e0o Y\u00ean T\u1eed chai nh\u00f4m 1 l\u00edt\" srcset=\"https:\/\/ruouzuji.vn\/wp-content\/uploads\/2024\/08\/446641921_445819288208330_8398324376366097762_n-250x250.jpg 250w, https:\/\/ruouzuji.vn\/wp-content\/uploads\/2024\/08\/446641921_445819288208330_8398324376366097762_n-150x150.jpg 150w, https:\/\/ruouzuji.vn\/wp-content\/uploads\/2024\/08\/446641921_445819288208330_8398324376366097762_n-100x100.jpg 100w\" sizes=\"auto, (max-width: 250px) 100vw, 250px\" \/><\/div>\n\t\t\t\t\t<div class=\"wc-block-grid__product-title\">R\u01b0\u1ee3u Zuji &#8211; R\u01b0\u1ee3u M\u01a1 m\u00e1 \u0111\u00e0o Y\u00ean T\u1eed chai nh\u00f4m 1 l\u00edt<\/div>\n\t\t\t\t<\/a>\n\t\t\t\t<div class=\"wc-block-grid__product-price price\"><span class=\"woocommerce-Price-amount amount\">270.000&nbsp;<span class=\"woocommerce-Price-currencySymbol\">&#8363;<\/span><\/span><\/div>\n\t\t\t\t\n\t\t\t\t<div class=\"wp-block-button wc-block-grid__product-add-to-cart\"><a href=\"?add-to-cart=1505\" aria-label=\"Add to cart: &ldquo;R\u01b0\u1ee3u Zuji - R\u01b0\u1ee3u M\u01a1 m\u00e1 \u0111\u00e0o Y\u00ean T\u1eed chai nh\u00f4m 1 l\u00edt&rdquo;\" data-quantity=\"1\" data-product_id=\"1505\" data-product_sku=\"ruou-zuji-ruou-mo-ma-dao-yen-tu\" data-price=\"270000\" rel=\"nofollow\" class=\"wp-block-button__link  add_to_cart_button ajax_add_to_cart\">Add to cart<\/a><\/div>\n\t\t\t<\/li><li class=\"wc-block-grid__product\">\n\t\t\t\t<a href=\"https:\/\/ruouzuji.vn\/index.php\/san-pham\/ruou-zuji-set-qua-6-chai-ruou-zuji-phi-khac-ten-nap-hop\/\" class=\"wc-block-grid__product-link\">\n\t\t\t\t\t\n\t\t\t\t\t<div class=\"wc-block-grid__product-image\"><img loading=\"lazy\" decoding=\"async\" width=\"250\" height=\"250\" src=\"https:\/\/ruouzuji.vn\/wp-content\/uploads\/2024\/08\/3-250x250.png\" class=\"attachment-woocommerce_thumbnail size-woocommerce_thumbnail\" alt=\"B\u00ed quy\u1ebft th\u01b0\u1edfng th\u1ee9c r\u01b0\u1ee3u\" srcset=\"https:\/\/ruouzuji.vn\/wp-content\/uploads\/2024\/08\/3-250x250.png 250w, https:\/\/ruouzuji.vn\/wp-content\/uploads\/2024\/08\/3-150x150.png 150w, https:\/\/ruouzuji.vn\/wp-content\/uploads\/2024\/08\/3-100x100.png 100w\" sizes=\"auto, (max-width: 250px) 100vw, 250px\" \/><\/div>\n\t\t\t\t\t<div class=\"wc-block-grid__product-title\">R\u01b0\u1ee3u Zuji &#8211; Set qu\u00e0 6 chai R\u01b0\u1ee3u Zuji,  ph\u00ed kh\u1eafc t\u00ean n\u1eafp h\u1ed9p<\/div>\n\t\t\t\t<\/a>\n\t\t\t\t<div class=\"wc-block-grid__product-price price\"><span class=\"woocommerce-Price-amount amount\">1.099.000&nbsp;<span class=\"woocommerce-Price-currencySymbol\">&#8363;<\/span><\/span><\/div>\n\t\t\t\t\n\t\t\t\t<div class=\"wp-block-button wc-block-grid__product-add-to-cart\"><a href=\"?add-to-cart=1500\" aria-label=\"Add to cart: &ldquo;R\u01b0\u1ee3u Zuji - Set qu\u00e0 6 chai R\u01b0\u1ee3u Zuji,  ph\u00ed kh\u1eafc t\u00ean n\u1eafp h\u1ed9p&rdquo;\" data-quantity=\"1\" data-product_id=\"1500\" data-product_sku=\"ruou-zuji-set-qua-6-chai-ruou-zuji-mien-phi-khac-ten-san-pham\" data-price=\"1099000\" rel=\"nofollow\" class=\"wp-block-button__link  add_to_cart_button ajax_add_to_cart\">Add to cart<\/a><\/div>\n\t\t\t<\/li><\/ul><\/div><\/div><\/div>","protected":false},"excerpt":{"rendered":"","protected":false},"author":1,"featured_media":0,"parent":0,"menu_order":0,"comment_status":"closed","ping_status":"closed","template":"","meta":{"footnotes":""},"class_list":["post-61","page","type-page","status-publish","hentry"],"_links":{"self":[{"href":"https:\/\/ruouzuji.vn\/index.php\/wp-json\/wp\/v2\/pages\/61","targetHints":{"allow":["GET"]}}],"collection":[{"href":"https:\/\/ruouzuji.vn\/index.php\/wp-json\/wp\/v2\/pages"}],"about":[{"href":"https:\/\/ruouzuji.vn\/index.php\/wp-json\/wp\/v2\/types\/page"}],"author":[{"embeddable":true,"href":"https:\/\/ruouzuji.vn\/index.php\/wp-json\/wp\/v2\/users\/1"}],"replies":[{"embeddable":true,"href":"https:\/\/ruouzuji.vn\/index.php\/wp-json\/wp\/v2\/comments?post=61"}],"version-history":[{"count":0,"href":"https:\/\/ruouzuji.vn\/index.php\/wp-json\/wp\/v2\/pages\/61\/revisions"}],"wp:attachment":[{"href":"https:\/\/ruouzuji.vn\/index.php\/wp-json\/wp\/v2\/media?parent=61"}],"curies":[{"name":"wp","href":"https:\/\/api.w.org\/{rel}","templated":true}]}}