{"id":1467,"date":"2024-08-15T06:43:24","date_gmt":"2024-08-15T06:43:24","guid":{"rendered":"https:\/\/ruouzuji.vn\/?post_type=product&#038;p=1467"},"modified":"2024-08-20T01:47:59","modified_gmt":"2024-08-20T01:47:59","slug":"ruou-zuji-ruou-sim-con","status":"publish","type":"product","link":"https:\/\/ruouzuji.vn\/index.php\/san-pham\/ruou-zuji-ruou-sim-con\/","title":{"rendered":"R\u01b0\u1ee3u Zuji &#8211; R\u01b0\u1ee3u sim Con Cu\u00f4ng"},"content":{"rendered":"\n<p style=\"font-style:normal;font-weight:100\">\ud835\udc11\ud835\udc2e\u031b\ud835\udc28\u031b\u0323\ud835\udc2e \ud835\udc12\ud835\udc22\ud835\udc26 \ud835\udc02\ud835\udc2e\ud835\udc28\u0302\ud835\udc27\ud835\udc20 \ud835\udc19\ud835\udc2e\ud835\udc23\ud835\udc22 | \ud835\udfcf\ud835\udfd7% \ud835\udc15\ud835\udc28\ud835\udc25 | \ud835\udfd3\ud835\udfce\ud835\udfce\ud835\udc26\ud835\udc25<br>&#8221; L\u00ean men t\u1eeb nh\u1eefng tr\u00e1i Sim r\u1eebng ch\u00edn m\u1ecdng \u0111\u01b0\u1ee3c ng\u00e2m \u1ee7 k\u0129 l\u01b0\u1ee1ng v\u00e0 t\u1eadn t\u00e2m t\u1ea1o n\u00ean h\u01b0\u01a1ng v\u1ecb thanh ng\u1ecdt s\u00f3ng s\u00e1nh k\u00e8m ch\u00fat v\u1ecb ch\u00e1t v\u00e0 cay nh\u1eb9 n\u01a1i \u0111\u1ea7u l\u01b0\u1ee1i, say \u0111\u1eafm ng\u01b0\u1eddi th\u01b0\u1edfng th\u1ee9c&#8221;<br>\u2705Th\u00f4ng tin s\u1ea3n ph\u1ea9m<br>\u2714 Th\u00e0nh ph\u1ea7n: R\u01b0\u1ee3u tr\u1eafng ch\u01b0ng c\u1ea5t, sim t\u01b0\u01a1i, \u0111\u01b0\u1eddng ph\u00e8n.<br>\u2714 H\u00e0m l\u01b0\u1ee3ng Ethanol: 19% Vol<br>\u2714 Th\u1ec3 t\u00edch th\u1ef1c: 500ml<br>\u2705H\u01b0\u1edbng d\u1eabn s\u1eed d\u1ee5ng:<br>\u2714 D\u00f9ng u\u1ed1ng tr\u1ef1c ti\u1ebfp, ngon h\u01a1n khi u\u1ed1ng l\u1ea1nh<br>\u2714 B\u1ea3o qu\u1ea3n n\u01a1i kh\u00f4 m\u00e1t, tr\u00e1nh \u00e1nh n\u1eafng tr\u1ef1c ti\u1ebfp<br>\u2714 Kh\u00f4ng n\u00ean s\u1eed d\u1ee5ng \u0111\u1ed1i v\u1edbi ng\u01b0\u1eddi d\u01b0\u1edbi 18 tu\u1ed5i, ph\u1ee5 n\u1eef \u0111ang mang thai v\u00e0 cho con b\u00fa, ng\u01b0\u1eddi c\u00f3 b\u1ec7nh l\u00fd v\u1ec1 s\u1eed d\u1ee5ng r\u01b0\u1ee3u .<br>\u2714 Kh\u00f4ng u\u1ed1ng r\u01b0\u1ee3u khi \u0111i\u1ec1u khi\u1ec3n ph\u01b0\u01a1ng ti\u1ec7n giao th\u00f4ng.<\/p>\n","protected":false},"excerpt":{"rendered":"<p><span style=\"font-family: Lato, sans-serif;font-size: medium\">R\u01b0\u1ee3u Zuji \u2013 T\u1ef1 h\u00e0o l\u00e0 th\u01b0\u01a1ng hi\u1ec7u r\u01b0\u1ee3u mang h\u01b0\u01a1ng v\u1ecb truy\u1ec1n th\u1ed1ng Vi\u1ec7t Nam<\/span> <\/p>\n<p class=\"MsoNormal\" style=\"margin-top:0in;margin-right:0in;margin-bottom:0in;margin-left:.25in;text-indent:.5in\"><span lang=\"VI\" style=\",serif\">K\u00edch th\u01b0\u1edbc: ngang 9 x cao: 12cm<\/span><\/p>\n<p class=\"MsoNormal\" style=\"margin-top:0in;margin-right:0in;margin-bottom:0in;margin-left:.75in\"><b><span lang=\"VI\" style=\",serif\">C\u00d4NG TY TNHH ZUJI VI\u1ec6T NAM<\/span><\/b><\/p>\n<p class=\"MsoNormal\" style=\"margin-top:0in;margin-right:0in;margin-bottom:0in;margin-left:.75in\"><span class=\"text\"><span lang=\"VI\" style=\"font-family: Cambria, serif;color: black;letter-spacing: 0.15pt;background-image: initial;background-position: initial;background-size: initial;background-attachment: initial\">H\u00e0 N\u1ed9i: 44 Mi\u1ebfu \u0110\u1ea7m, Nam T\u1eeb Li\u00eam \u2013 Hotline: <\/span><\/span><span lang=\"VI\" style=\",serif\">0988 22 11 22<\/span><span class=\"text\"><span lang=\"VI\" style=\"font-family: Cambria, serif;color: black;letter-spacing: 0.15pt;background-image: initial;background-position: initial;background-size: initial;background-attachment: initial\"> <\/span><span lang=\"VI\" style=\",serif\"><\/span><\/span><\/p>\n<p class=\"MsoNormal\" style=\"margin-top:0in;margin-right:0in;margin-bottom:0in;margin-left:.75in\"><span class=\"text\"><span lang=\"VI\" style=\"font-family: Cambria, serif;color: black;letter-spacing: 0.15pt;background-image: initial;background-position: initial;background-size: initial;background-attachment: initial\">TP. HCM: 99 \u0110\u01b0\u1eddng 10, Hi\u1ec7p B\u00ecnh Ch\u00e1nh, TP. Th\u1ee7 \u0110\u1ee9c \u2013 Hotline: <\/span><\/span><span lang=\"VI\" style=\",serif\">0908 000 166<\/span><\/p>\n<p class=\"MsoNormal\" style=\"margin-top:0in;margin-right:0in;margin-bottom:0in;margin-left:.75in\"><span lang=\"VI\" style=\",serif\">Website: <a href=\"https:\/\/ruouzuji.vn\/\"><span style=\"color: windowtext\">https:\/\/ruouzuji.vn<\/span><\/a>\/<\/span><\/p>\n","protected":false},"featured_media":1468,"comment_status":"open","ping_status":"closed","template":"","meta":[],"product_cat":[26],"product_tag":[],"class_list":{"0":"post-1467","1":"product","2":"type-product","3":"status-publish","4":"has-post-thumbnail","6":"product_cat-ruou-hoa-qua-zuji","8":"first","9":"instock","10":"shipping-taxable","11":"purchasable","12":"product-type-simple"},"_links":{"self":[{"href":"https:\/\/ruouzuji.vn\/index.php\/wp-json\/wp\/v2\/product\/1467","targetHints":{"allow":["GET"]}}],"collection":[{"href":"https:\/\/ruouzuji.vn\/index.php\/wp-json\/wp\/v2\/product"}],"about":[{"href":"https:\/\/ruouzuji.vn\/index.php\/wp-json\/wp\/v2\/types\/product"}],"replies":[{"embeddable":true,"href":"https:\/\/ruouzuji.vn\/index.php\/wp-json\/wp\/v2\/comments?post=1467"}],"wp:featuredmedia":[{"embeddable":true,"href":"https:\/\/ruouzuji.vn\/index.php\/wp-json\/wp\/v2\/media\/1468"}],"wp:attachment":[{"href":"https:\/\/ruouzuji.vn\/index.php\/wp-json\/wp\/v2\/media?parent=1467"}],"wp:term":[{"taxonomy":"product_cat","embeddable":true,"href":"https:\/\/ruouzuji.vn\/index.php\/wp-json\/wp\/v2\/product_cat?post=1467"},{"taxonomy":"product_tag","embeddable":true,"href":"https:\/\/ruouzuji.vn\/index.php\/wp-json\/wp\/v2\/product_tag?post=1467"}],"curies":[{"name":"wp","href":"https:\/\/api.w.org\/{rel}","templated":true}]}}