{"id":1522,"date":"2024-08-20T09:45:27","date_gmt":"2024-08-20T09:45:27","guid":{"rendered":"https:\/\/ruouzuji.vn\/?post_type=product&#038;p=1522"},"modified":"2024-08-20T09:48:40","modified_gmt":"2024-08-20T09:48:40","slug":"ruou-zuji-set-ruou-nhe-nhang-4-chai-250ml-trai-nghiem","status":"publish","type":"product","link":"https:\/\/ruouzuji.vn\/index.php\/san-pham\/ruou-zuji-set-ruou-nhe-nhang-4-chai-250ml-trai-nghiem\/","title":{"rendered":"R\u01b0\u1ee3u Zuji &#8211; Set R\u01b0\u1ee3u Nh\u1eb9 Nh\u00e0ng, 4 chai 250ml tr\u1ea3i nghi\u1ec7m"},"content":{"rendered":"\n<p>C\u00f9ng \ud835\udc2b\ud835\udc2e\u031b\ud835\udc28\u031b\u0323\ud835\udc2e \ud835\udc19\ud835\udc2e\ud835\udc23\ud835\udc22 tr\u1ea3i nghi\u1ec7m set qu\u00e0 m\u1edbi \u0111\u01a1n gi\u1ea3n, nh\u1eb9 nh\u00e0ng, l\u1eafng \u0111\u1ecdng v\u1edbi nhi\u1ec1u h\u01b0\u01a1ng v\u1ecb \u0111\u1ec3 l\u1ef1a ch\u1ecdn, th\u1ecfa m\u00e3n nh\u01b0ng kh\u00e1ch h\u00e0ng kh\u00f3 t\u00ednh nh\u1ea5t !<br>\ud83c\udf3f \ud835\udc12\ud835\udc1e\ud835\udc2d \ud835\udc0d\ud835\udc21\ud835\udc1e\u0323 \ud835\udc27\ud835\udc21\ud835\udc1a\u0300\ud835\udc27\ud835\udc20 : \u201cH\u01b0\u01a1ng nh\u1eb9 nh\u00e0ng, ng\u1ecdt ng\u00e0o, say \u0111\u1eafm\u201d<br>\u2714\ufe0f M\u01a1 M\u00e1 \u0111\u00e0o 19% Vol 250ml<br>\u2714\ufe0f M\u1eadn T\u1ea3 Van 19% Vol 250ml<br>\u2714\ufe0f Nho Ninh Thu\u1eadn 22% Vol 250ml<br>\u2714\ufe0f N\u1ebfp c\u00e1i hoa v\u00e0ng 19% Vol 250ml<\/p>\n\n\n\n<hr class=\"wp-block-separator has-alpha-channel-opacity\" \/>\n\n\n\n<p>\ud83d\udccc \ud835\udc02\ud835\udc28\u0302\ud835\udc27\ud835\udc20 \ud835\udc13\ud835\udc32 \ud835\udc13\ud835\udc0d\ud835\udc07\ud835\udc07 \ud835\udc19\ud835\udc2e\ud835\udc23\ud835\udc22 \ud835\udc15\ud835\udc22\ud835\udc1e\u0323\u0302\ud835\udc2d \ud835\udc0d\ud835\udc1a\ud835\udc26<br>\u25aa\ufe0f S\u1ed1 44 Mi\u1ebfu \u0110\u1ea7m, M\u1ec5 Tr\u00ec, Nam T\u1eeb Li\u00eam, H\u00e0 N\u1ed9i<br>\u25aa\ufe0f https:\/\/ruouzuji.vn<br>\u25aa\ufe0f Shopee: shopee.vn\/ruou_zuji<br>\u25aa\ufe0f Hotline : 0988 22 11 22<\/p>\n","protected":false},"excerpt":{"rendered":"<p><span style=\"font-family: Lato, sans-serif;font-size: medium\">R\u01b0\u1ee3u Zuji \u2013 T\u1ef1 h\u00e0o l\u00e0 th\u01b0\u01a1ng hi\u1ec7u r\u01b0\u1ee3u mang h\u01b0\u01a1ng v\u1ecb truy\u1ec1n th\u1ed1ng Vi\u1ec7t Nam<\/span> <\/p>\n<p class=\"MsoNormal\" style=\"margin-top:0in;margin-right:0in;margin-bottom:0in;margin-left:.25in;text-indent:.5in\">\n<p class=\"MsoNormal\" style=\"margin-top:0in;margin-right:0in;margin-bottom:0in;margin-left:.75in\"><b><span lang=\"VI\" style=\",serif\">C\u00d4NG TY TNHH ZUJI VI\u1ec6T NAM<\/span><\/b><\/p>\n<p class=\"MsoNormal\" style=\"margin-top:0in;margin-right:0in;margin-bottom:0in;margin-left:.75in\"><span class=\"text\"><span lang=\"VI\" style=\"font-family: Cambria, serif;color: black;letter-spacing: 0.15pt;background-image: initial;background-position: initial;background-size: initial;background-attachment: initial\">H\u00e0 N\u1ed9i: 44 Mi\u1ebfu \u0110\u1ea7m, Nam T\u1eeb Li\u00eam \u2013 Hotline: <\/span><\/span><span lang=\"VI\" style=\",serif\">0988 22 11 22<\/span><span class=\"text\"><span lang=\"VI\" style=\"font-family: Cambria, serif;color: black;letter-spacing: 0.15pt;background-image: initial;background-position: initial;background-size: initial;background-attachment: initial\"> <\/span><span lang=\"VI\" style=\",serif\"><\/span><\/span><\/p>\n<p class=\"MsoNormal\" style=\"margin-top:0in;margin-right:0in;margin-bottom:0in;margin-left:.75in\"><span class=\"text\"><span lang=\"VI\" style=\"font-family: Cambria, serif;color: black;letter-spacing: 0.15pt;background-image: initial;background-position: initial;background-size: initial;background-attachment: initial\">TP. HCM: 99 \u0110\u01b0\u1eddng 10, Hi\u1ec7p B\u00ecnh Ch\u00e1nh, TP. Th\u1ee7 \u0110\u1ee9c \u2013 Hotline: <\/span><\/span><span lang=\"VI\" style=\",serif\">0908 000 166<\/span><\/p>\n<p class=\"MsoNormal\" style=\"margin-top:0in;margin-right:0in;margin-bottom:0in;margin-left:.75in\"><span lang=\"VI\" style=\",serif\">Website: <a href=\"https:\/\/ruouzuji.vn\/\"><span style=\"color: windowtext\">https:\/\/ruouzuji.vn<\/span><\/a>\/<\/span><\/p>\n","protected":false},"featured_media":1523,"comment_status":"open","ping_status":"closed","template":"","meta":[],"product_cat":[23],"product_tag":[],"class_list":{"0":"post-1522","1":"product","2":"type-product","3":"status-publish","4":"has-post-thumbnail","6":"product_cat-gio-qua-tang-ruou-zuji","8":"first","9":"instock","10":"shipping-taxable","11":"purchasable","12":"product-type-simple"},"_links":{"self":[{"href":"https:\/\/ruouzuji.vn\/index.php\/wp-json\/wp\/v2\/product\/1522","targetHints":{"allow":["GET"]}}],"collection":[{"href":"https:\/\/ruouzuji.vn\/index.php\/wp-json\/wp\/v2\/product"}],"about":[{"href":"https:\/\/ruouzuji.vn\/index.php\/wp-json\/wp\/v2\/types\/product"}],"replies":[{"embeddable":true,"href":"https:\/\/ruouzuji.vn\/index.php\/wp-json\/wp\/v2\/comments?post=1522"}],"wp:featuredmedia":[{"embeddable":true,"href":"https:\/\/ruouzuji.vn\/index.php\/wp-json\/wp\/v2\/media\/1523"}],"wp:attachment":[{"href":"https:\/\/ruouzuji.vn\/index.php\/wp-json\/wp\/v2\/media?parent=1522"}],"wp:term":[{"taxonomy":"product_cat","embeddable":true,"href":"https:\/\/ruouzuji.vn\/index.php\/wp-json\/wp\/v2\/product_cat?post=1522"},{"taxonomy":"product_tag","embeddable":true,"href":"https:\/\/ruouzuji.vn\/index.php\/wp-json\/wp\/v2\/product_tag?post=1522"}],"curies":[{"name":"wp","href":"https:\/\/api.w.org\/{rel}","templated":true}]}}