{"id":267,"date":"2023-12-29T06:22:01","date_gmt":"2023-12-29T06:22:01","guid":{"rendered":"https:\/\/ruouzuji.vn\/?post_type=product&#038;p=267"},"modified":"2023-12-29T06:24:18","modified_gmt":"2023-12-29T06:24:18","slug":"ruou-zuji-set-qua-ruou-hop-giay-binh-an","status":"publish","type":"product","link":"https:\/\/ruouzuji.vn\/index.php\/san-pham\/ruou-zuji-set-qua-ruou-hop-giay-binh-an\/","title":{"rendered":"R\u01b0\u1ee3u Zuji &#8211; Set qu\u00e0 r\u01b0\u1ee3u H\u1ed9p gi\u1ea5y &#8220;B\u00ecnh An&#8221;"},"content":{"rendered":"\n<p>R\u01b0\u1ee3u Zuji mang h\u01b0\u01a1ng v\u1ecb t\u1eeb nh\u1eefng lo\u1ea1i qu\u1ea3 th\u01a1m ngon c\u1ee7a thi\u00ean nhi\u00ean Vi\u1ec7t Nam.<\/p>\n\n\n\n<ul class=\"wp-block-list\">\n<li>R\u01b0\u1ee3u M\u1eadn m\u00e1u T\u1ea3 Van<\/li>\n\n\n\n<li>R\u01b0\u1ee3u Nho r\u1eebng Ninh Thu\u1eadn<\/li>\n\n\n\n<li>R\u01b0\u1ee3u N\u1ebfp C\u00e1i hoa v\u00e0ng<\/li>\n\n\n\n<li>R\u01b0\u1ee3u Chu\u1ed1i h\u1ed9t r\u1eebng<\/li>\n\n\n\n<li>R\u01b0\u1ee3u M\u01a1<\/li>\n\n\n\n<li>R\u01b0\u1ee3u T\u00e1o m\u00e8o<\/li>\n\n\n\n<li>R\u01b0\u1ee3u \u1ed4i \u0111\u00e0o H\u00e0 Giang<\/li>\n<\/ul>\n","protected":false},"excerpt":{"rendered":"<p><span style=\"font-family: Lato, sans-serif;font-size: medium\">R\u01b0\u1ee3u Zuji \u2013 T\u1ef1 h\u00e0o l\u00e0 th\u01b0\u01a1ng hi\u1ec7u r\u01b0\u1ee3u mang h\u01b0\u01a1ng v\u1ecb truy\u1ec1n th\u1ed1ng Vi\u1ec7t Nam<\/span><\/p>\n","protected":false},"featured_media":268,"comment_status":"open","ping_status":"closed","template":"","meta":[],"product_cat":[23],"product_tag":[],"class_list":{"0":"post-267","1":"product","2":"type-product","3":"status-publish","4":"has-post-thumbnail","6":"product_cat-gio-qua-tang-ruou-zuji","8":"first","9":"instock","10":"shipping-taxable","11":"product-type-simple"},"_links":{"self":[{"href":"https:\/\/ruouzuji.vn\/index.php\/wp-json\/wp\/v2\/product\/267","targetHints":{"allow":["GET"]}}],"collection":[{"href":"https:\/\/ruouzuji.vn\/index.php\/wp-json\/wp\/v2\/product"}],"about":[{"href":"https:\/\/ruouzuji.vn\/index.php\/wp-json\/wp\/v2\/types\/product"}],"replies":[{"embeddable":true,"href":"https:\/\/ruouzuji.vn\/index.php\/wp-json\/wp\/v2\/comments?post=267"}],"wp:featuredmedia":[{"embeddable":true,"href":"https:\/\/ruouzuji.vn\/index.php\/wp-json\/wp\/v2\/media\/268"}],"wp:attachment":[{"href":"https:\/\/ruouzuji.vn\/index.php\/wp-json\/wp\/v2\/media?parent=267"}],"wp:term":[{"taxonomy":"product_cat","embeddable":true,"href":"https:\/\/ruouzuji.vn\/index.php\/wp-json\/wp\/v2\/product_cat?post=267"},{"taxonomy":"product_tag","embeddable":true,"href":"https:\/\/ruouzuji.vn\/index.php\/wp-json\/wp\/v2\/product_tag?post=267"}],"curies":[{"name":"wp","href":"https:\/\/api.w.org\/{rel}","templated":true}]}}